{"id":195,"date":"2016-03-04T13:13:45","date_gmt":"2016-03-04T13:13:45","guid":{"rendered":"http:\/\/box44racing.de\/?page_id=195"},"modified":"2019-10-30T14:26:03","modified_gmt":"2019-10-30T14:26:03","slug":"das-team","status":"publish","type":"page","link":"http:\/\/box44racing.de\/?page_id=195","title":{"rendered":"Das DLC-Team"},"content":{"rendered":"<p>Das&nbsp; <strong><span style=\"color: #ff0000;\">B<\/span>OX#44 Racing Team<\/strong> besteht aus den Fahrern Lutz Abram, Jann Bressel, Harald (Harry) Sch\u00e4fer und Peter Wei\u00df. Hinter den vier Fahrern steht eine starke Crew, bestehend aus vielen Familienmitgliedern und Freunden der Fahrer. Sie unterst\u00fctzen die Fahrer in allen technischen Dingen (in der Klasse 4 speziell beim Fahrerwechsel \/ Reifenwechsel \/ Tanken), bringen in irrer Geschwindigkeit alle Defekte am Motorrad wieder in Ordnung, haben ein waches Auge an der Boxenmauer, k\u00fcmmern sich mental und um das leibliche Wohl. Ein super Team, dass sehr gut zusammen passt und tierisch viel Spa\u00df hat.<\/p>\n<p>2018 hat das <strong><span style=\"color: #ff0000;\">B<\/span>OX#44 Racing Team<\/strong> Zuwachs bekommen: Daniel Bergau, der bereits 2017 bei einem Lauf in Oschersleben f\u00fcr einen Fahrer eingesprungen ist, f\u00e4hrt f\u00fcr Peter Wei\u00df, der verletzungsbedingt in der Saison 2018 nicht mehr an den Start gehen kann. Durch den Einsatz von Daniel Bergau steht auch das <strong>Team Bergau <\/strong>mit Rat und Tat zur Seite.<\/p>\n<p>Wenn Ihr neugierieg auf das Team hinter den Fahrern seid, schaut mal unter:&nbsp; <strong><span style=\"color: #ff0000;\">B<\/span>OX#44 Racing Team<\/strong> &#8211; Das Team hinter dem Team!<\/p>\n<p><img loading=\"lazy\" class=\"wp-image-1371 alignnone\" src=\"http:\/\/box44racing.de\/wp-content\/uploads\/2018\/03\/DSC09804-1024x682.jpg\" alt=\"\" width=\"438\" height=\"292\" srcset=\"http:\/\/box44racing.de\/wp-content\/uploads\/2018\/03\/DSC09804-1024x682.jpg 1024w, http:\/\/box44racing.de\/wp-content\/uploads\/2018\/03\/DSC09804-300x200.jpg 300w, http:\/\/box44racing.de\/wp-content\/uploads\/2018\/03\/DSC09804-768x512.jpg 768w, http:\/\/box44racing.de\/wp-content\/uploads\/2018\/03\/DSC09804.jpg 1250w\" sizes=\"(max-width: 438px) 100vw, 438px\" \/>&nbsp;&nbsp; <img loading=\"lazy\" class=\"wp-image-2233 alignnone\" src=\"http:\/\/box44racing.de\/wp-content\/uploads\/2018\/08\/DSC03454-1024x576.jpg\" alt=\"\" width=\"518\" height=\"292\" srcset=\"http:\/\/box44racing.de\/wp-content\/uploads\/2018\/08\/DSC03454-1024x576.jpg 1024w, http:\/\/box44racing.de\/wp-content\/uploads\/2018\/08\/DSC03454-300x169.jpg 300w, http:\/\/box44racing.de\/wp-content\/uploads\/2018\/08\/DSC03454-768x432.jpg 768w, http:\/\/box44racing.de\/wp-content\/uploads\/2018\/08\/DSC03454.jpg 1250w\" sizes=\"(max-width: 518px) 100vw, 518px\" \/><\/p>\n<p><img loading=\"lazy\" class=\"wp-image-989 alignnone\" src=\"http:\/\/box44racing.de\/wp-content\/uploads\/2018\/02\/QATR5646-klein-1024x768.jpg\" alt=\"\" width=\"346\" height=\"260\" srcset=\"http:\/\/box44racing.de\/wp-content\/uploads\/2018\/02\/QATR5646-klein-1024x768.jpg 1024w, http:\/\/box44racing.de\/wp-content\/uploads\/2018\/02\/QATR5646-klein-300x225.jpg 300w, http:\/\/box44racing.de\/wp-content\/uploads\/2018\/02\/QATR5646-klein-768x576.jpg 768w, http:\/\/box44racing.de\/wp-content\/uploads\/2018\/02\/QATR5646-klein.jpg 1250w\" sizes=\"(max-width: 346px) 100vw, 346px\" \/>&nbsp;&nbsp; <img loading=\"lazy\" class=\"wp-image-895 alignnone\" src=\"http:\/\/box44racing.de\/wp-content\/uploads\/2018\/02\/DSC09015-klein-1-e1518946865499-1024x682.jpg\" alt=\"\" width=\"425\" height=\"283\" srcset=\"http:\/\/box44racing.de\/wp-content\/uploads\/2018\/02\/DSC09015-klein-1-e1518946865499-1024x682.jpg 1024w, http:\/\/box44racing.de\/wp-content\/uploads\/2018\/02\/DSC09015-klein-1-e1518946865499-300x200.jpg 300w, http:\/\/box44racing.de\/wp-content\/uploads\/2018\/02\/DSC09015-klein-1-e1518946865499-768x512.jpg 768w, http:\/\/box44racing.de\/wp-content\/uploads\/2018\/02\/DSC09015-klein-1-e1518946865499.jpg 1250w\" sizes=\"(max-width: 425px) 100vw, 425px\" \/><\/p>\n<p><img loading=\"lazy\" class=\"alignnone  wp-image-2040\" src=\"http:\/\/box44racing.de\/wp-content\/uploads\/2018\/07\/DSC01428-1024x741.jpg\" alt=\"\" width=\"329\" height=\"238\" srcset=\"http:\/\/box44racing.de\/wp-content\/uploads\/2018\/07\/DSC01428-1024x741.jpg 1024w, http:\/\/box44racing.de\/wp-content\/uploads\/2018\/07\/DSC01428-300x217.jpg 300w, http:\/\/box44racing.de\/wp-content\/uploads\/2018\/07\/DSC01428-768x556.jpg 768w, http:\/\/box44racing.de\/wp-content\/uploads\/2018\/07\/DSC01428.jpg 1059w\" sizes=\"(max-width: 329px) 100vw, 329px\" \/>&nbsp;&nbsp; <img loading=\"lazy\" class=\"wp-image-231 alignnone\" src=\"http:\/\/box44racing.de\/wp-content\/uploads\/2016\/03\/DSC00944-1024x576.jpg\" alt=\"DSC00944\" width=\"416\" height=\"234\" srcset=\"http:\/\/box44racing.de\/wp-content\/uploads\/2016\/03\/DSC00944-1024x576.jpg 1024w, http:\/\/box44racing.de\/wp-content\/uploads\/2016\/03\/DSC00944-300x169.jpg 300w, http:\/\/box44racing.de\/wp-content\/uploads\/2016\/03\/DSC00944-768x432.jpg 768w, http:\/\/box44racing.de\/wp-content\/uploads\/2016\/03\/DSC00944.jpg 1280w\" sizes=\"(max-width: 416px) 100vw, 416px\" \/><\/p>\n","protected":false},"excerpt":{"rendered":"<p>Das&nbsp; BOX#44 Racing Team besteht aus den Fahrern Lutz Abram, Jann Bressel, Harald (Harry) Sch\u00e4fer und Peter Wei\u00df. Hinter den vier Fahrern steht eine starke Crew, bestehend aus vielen Familienmitgliedern und Freunden der Fahrer. Sie unterst\u00fctzen die Fahrer in allen technischen Dingen (in der Klasse 4 speziell beim Fahrerwechsel \/ Reifenwechsel \/ Tanken), bringen in [&hellip;]<\/p>\n","protected":false},"author":1,"featured_media":1370,"parent":264,"menu_order":0,"comment_status":"closed","ping_status":"closed","template":"","meta":[],"_links":{"self":[{"href":"http:\/\/box44racing.de\/index.php?rest_route=\/wp\/v2\/pages\/195"}],"collection":[{"href":"http:\/\/box44racing.de\/index.php?rest_route=\/wp\/v2\/pages"}],"about":[{"href":"http:\/\/box44racing.de\/index.php?rest_route=\/wp\/v2\/types\/page"}],"author":[{"embeddable":true,"href":"http:\/\/box44racing.de\/index.php?rest_route=\/wp\/v2\/users\/1"}],"replies":[{"embeddable":true,"href":"http:\/\/box44racing.de\/index.php?rest_route=%2Fwp%2Fv2%2Fcomments&post=195"}],"version-history":[{"count":16,"href":"http:\/\/box44racing.de\/index.php?rest_route=\/wp\/v2\/pages\/195\/revisions"}],"predecessor-version":[{"id":2510,"href":"http:\/\/box44racing.de\/index.php?rest_route=\/wp\/v2\/pages\/195\/revisions\/2510"}],"up":[{"embeddable":true,"href":"http:\/\/box44racing.de\/index.php?rest_route=\/wp\/v2\/pages\/264"}],"wp:featuredmedia":[{"embeddable":true,"href":"http:\/\/box44racing.de\/index.php?rest_route=\/wp\/v2\/media\/1370"}],"wp:attachment":[{"href":"http:\/\/box44racing.de\/index.php?rest_route=%2Fwp%2Fv2%2Fmedia&parent=195"}],"curies":[{"name":"wp","href":"https:\/\/api.w.org\/{rel}","templated":true}]}}