{"id":530,"date":"2017-04-18T15:08:24","date_gmt":"2017-04-18T15:08:24","guid":{"rendered":"http:\/\/box44racing.de\/?page_id=530"},"modified":"2022-05-10T19:25:39","modified_gmt":"2022-05-10T19:25:39","slug":"news-2017","status":"publish","type":"page","link":"http:\/\/box44racing.de\/?page_id=530","title":{"rendered":"News 2022"},"content":{"rendered":"<p style=\"text-align: center;\"><img loading=\"lazy\" class=\"alignnone  wp-image-2573\" src=\"http:\/\/box44racing.de\/wp-content\/uploads\/2022\/05\/IMG_4487-AeN.jpg\" alt=\"\" width=\"163\" height=\"192\" srcset=\"http:\/\/box44racing.de\/wp-content\/uploads\/2022\/05\/IMG_4487-AeN.jpg 371w, http:\/\/box44racing.de\/wp-content\/uploads\/2022\/05\/IMG_4487-AeN-256x300.jpg 256w\" sizes=\"(max-width: 163px) 100vw, 163px\" \/> <img loading=\"lazy\" class=\"alignnone  wp-image-2572\" src=\"http:\/\/box44racing.de\/wp-content\/uploads\/2022\/05\/IMG_4488-AeN.jpg\" alt=\"\" width=\"147\" height=\"190\" srcset=\"http:\/\/box44racing.de\/wp-content\/uploads\/2022\/05\/IMG_4488-AeN.jpg 389w, http:\/\/box44racing.de\/wp-content\/uploads\/2022\/05\/IMG_4488-AeN-232x300.jpg 232w\" sizes=\"(max-width: 147px) 100vw, 147px\" \/> <img loading=\"lazy\" class=\"alignnone  wp-image-2571\" src=\"http:\/\/box44racing.de\/wp-content\/uploads\/2022\/05\/IMG_4482-768x1024.jpg\" alt=\"\" width=\"143\" height=\"191\" srcset=\"http:\/\/box44racing.de\/wp-content\/uploads\/2022\/05\/IMG_4482-768x1024.jpg 768w, http:\/\/box44racing.de\/wp-content\/uploads\/2022\/05\/IMG_4482-225x300.jpg 225w, http:\/\/box44racing.de\/wp-content\/uploads\/2022\/05\/IMG_4482.jpg 900w\" sizes=\"(max-width: 143px) 100vw, 143px\" \/> <img loading=\"lazy\" class=\"alignnone  wp-image-2570\" src=\"http:\/\/box44racing.de\/wp-content\/uploads\/2022\/05\/IMG_4479-1024x768.jpg\" alt=\"\" width=\"254\" height=\"191\" srcset=\"http:\/\/box44racing.de\/wp-content\/uploads\/2022\/05\/IMG_4479-1024x768.jpg 1024w, http:\/\/box44racing.de\/wp-content\/uploads\/2022\/05\/IMG_4479-300x225.jpg 300w, http:\/\/box44racing.de\/wp-content\/uploads\/2022\/05\/IMG_4479-768x576.jpg 768w, http:\/\/box44racing.de\/wp-content\/uploads\/2022\/05\/IMG_4479.jpg 1200w\" sizes=\"(max-width: 254px) 100vw, 254px\" \/><\/p>\n<p>Der erste Rost ist aus den Knochen gesch\u00fcttelt.<\/p>\n<p>Inspiriert von den neuen Mopeds (Yamaha R1) von Jann und Lutz und dem peppigen neuen Design hat das Team beschlossen, bei den DLC-L\u00e4ufen am N\u00fcrburgring und in Most an den Start zu gehen.<\/p>\n<p>In Oschersleben durfte das neue Design und die neue R1 von Jann und mit Jann Schaulaufen. Lutz und Peter konnten in Hockenheim testen, ob die Rennerei noch funktioniert. Passt! Noch ein wenig k\u00f6rperliches Training, dann k\u00f6nnen die alten Herren wieder mithalten. Harry und Peter werden noch mit der <span style=\"color: #ff0000;\">B<\/span>OX#44 Racing BMW im alten Design an den Start gehen. Leider hat dieses Jahr f\u00fcr Harry nicht gut begonnen; er hat sich beim Training verletzt und muss im Moment noch die F\u00fc\u00dfe stillhalten. Wir hoffen sehr dass er schnell wieder fit und der Alte Harry ist.<\/p>\n<p>Selbst gespannt wie f\u00fcr uns die Rennen laufen, sagen wir nun erstmal TSCH\u00dcSS&#8230;&#8230;.<\/p>\n<p>Euer<\/p>\n<p><strong><span style=\"color: #ff0000;\">B<\/span>OX#44 Racing Team<\/strong><\/p>\n<p class=\"hide-if-no-js\">\n","protected":false},"excerpt":{"rendered":"<p>Der erste Rost ist aus den Knochen gesch\u00fcttelt. Inspiriert von den neuen Mopeds (Yamaha R1) von Jann und Lutz und dem peppigen neuen Design hat das Team beschlossen, bei den DLC-L\u00e4ufen am N\u00fcrburgring und in Most an den Start zu gehen. In Oschersleben durfte das neue Design und die neue R1 von Jann und mit [&hellip;]<\/p>\n","protected":false},"author":1,"featured_media":2574,"parent":0,"menu_order":0,"comment_status":"closed","ping_status":"closed","template":"","meta":[],"_links":{"self":[{"href":"http:\/\/box44racing.de\/index.php?rest_route=\/wp\/v2\/pages\/530"}],"collection":[{"href":"http:\/\/box44racing.de\/index.php?rest_route=\/wp\/v2\/pages"}],"about":[{"href":"http:\/\/box44racing.de\/index.php?rest_route=\/wp\/v2\/types\/page"}],"author":[{"embeddable":true,"href":"http:\/\/box44racing.de\/index.php?rest_route=\/wp\/v2\/users\/1"}],"replies":[{"embeddable":true,"href":"http:\/\/box44racing.de\/index.php?rest_route=%2Fwp%2Fv2%2Fcomments&post=530"}],"version-history":[{"count":90,"href":"http:\/\/box44racing.de\/index.php?rest_route=\/wp\/v2\/pages\/530\/revisions"}],"predecessor-version":[{"id":2580,"href":"http:\/\/box44racing.de\/index.php?rest_route=\/wp\/v2\/pages\/530\/revisions\/2580"}],"wp:featuredmedia":[{"embeddable":true,"href":"http:\/\/box44racing.de\/index.php?rest_route=\/wp\/v2\/media\/2574"}],"wp:attachment":[{"href":"http:\/\/box44racing.de\/index.php?rest_route=%2Fwp%2Fv2%2Fmedia&parent=530"}],"curies":[{"name":"wp","href":"https:\/\/api.w.org\/{rel}","templated":true}]}}